{"id":51355,"date":"2018-02-13T14:38:58","date_gmt":"2018-02-13T13:38:58","guid":{"rendered":"https:\/\/mittelstein.de\/?page_id=51355"},"modified":"2024-08-14T13:54:19","modified_gmt":"2024-08-14T11:54:19","slug":"legal-notice","status":"publish","type":"page","link":"https:\/\/mittelstein.de\/en\/legal-notice\/","title":{"rendered":"Legal Notice"},"content":{"rendered":"<div class=\"wpb-content-wrapper\">[vc_row full_width=&#8221;stretch_row_content_no_spaces&#8221; content_placement=&#8221;top&#8221; css=&#8221;.vc_custom_1723636453378{background: rgba(216,216,216,0.4) url(https:\/\/mittelstein.de\/wp-content\/uploads\/impressum-header.jpg?id=51247) !important;background-position: center !important;background-repeat: no-repeat !important;background-size: cover !important;*background-color: rgb(216,216,216) !important;}&#8221; el_class=&#8221;intro-images&#8221;][vc_column][\/vc_column][\/vc_row][vc_row full_width=&#8221;stretch_row_content_no_spaces&#8221; content_placement=&#8221;middle&#8221;][vc_column el_class=&#8221;ms-textblock&#8221; css=&#8221;.vc_custom_1516883808561{padding-right: 15px !important;padding-left: 15px !important;}&#8221;][vc_column_text]\n<h2 class=\"wide-screens\">Legal Notice<\/h2>\n<h2 class=\"small-screens\" style=\"padding-top: 0px !important;\">Legal Notice<\/h2>\n<p><strong>Name and Structure of Corporation:<\/strong><strong><br \/>\n<\/strong>Rechtsanw\u00e4lte Dr. Mittelstein &amp; Partner PartG mbB<\/p>\n<p>(Whenever the term \u201cMittelstein Rechtsanw\u00e4lte\u201d is used on this website, it refers to Rechtsanw\u00e4lte Dr. Mittelstein &amp; Partner PartG mbB)<\/p>\n<p><strong>Contact Information<\/strong><strong><br \/>\n<\/strong>Alsterarkaden 20<br \/>\n20354 Hamburg<br \/>\nGermany<br \/>\nTelephone +49 40 35 75 95\u20130<br \/>\nFacsimile +49 40 35 75 95-15<br \/>\nEmail:\u00a0 <a href=\"mailto:info@mittelstein.de\">info@mittelstein.de<\/a><\/p>\n<p><strong>Partners Entitled to Representation<\/strong><strong><br \/>\n<\/strong>Partner and exclusively entitled to represent the corporation are:<\/p>\n<ul>\n<li>Nicolaus Roltsch<\/li>\n<li>Reinhard Arndts<\/li>\n<li>Christoph Kreusler<\/li>\n<li>Ernst C. Riechert<\/li>\n<li>Matthias Dau<\/li>\n<\/ul>\n<p><strong>Registered Office und Registration<br \/>\n<\/strong>Registered office: Hamburg<br \/>\nRegister Court: AG Hamburg (Competent Local Court)<br \/>\nPR 1055<\/p>\n<p><strong>Competent Bar Association<br \/>\n<\/strong>The professional title \u201cRechtsanwalt\u201d (<em>German Attorney<\/em>) being worn by the professionals working in our law office was awarded in Germany. The \u201cRechtsanw\u00e4lte\u201c (German Attorneys) are members of the Local Bar Association \u201cHanseatische Rechtsanwaltskammer Hamburg\u201d, Valentinskamp 88, 20355 Hamburg, Telephone: +49 40 35 74 41-0, facsimile: +49 40 35 74 41-41, E-Mail:\u00a0<a href=\"mailto:info@rak-hamburg.de\">info@rak-hamburg.de<\/a>.<\/p>\n<p><strong>Rules of Professional Conduct<br \/>\n<\/strong>Please find the applicable rules on the German Federal Lawyers Association\u2019s (Bundesrechtsanwaltskammer) website at https:\/\/www.brak.de\/fuer-anwaelte\/berufsrecht\/. There are also links to English translations of the applicable provisions.<\/p>\n<ul>\n<li>\u201eBundesrechtsanwaltsordnung\u201c (\u201eBRAO\u201c; Federal Lawyers\u2018 Act)<\/li>\n<li>\u201eBerufsordnung f\u00fcr Rechtsanw\u00e4lte\u201c (\u201eBORA\u201c; Professional Rules and Regulations for Lawyers)<\/li>\n<li>\u201eGesetz \u00fcber die Verg\u00fctung der Rechtsanw\u00e4ltinnen und Rechtsanw\u00e4lte\u201c (\u201eRVG\u201c; Lawyers Compensation Act)<\/li>\n<li>\u201eFachanwaltsordnung\u201d (\u201eFAO\u201d; Professional Regulations for Specialist Lawyers)<\/li>\n<li>\u201eBerufsregeln der Rechtsanw\u00e4lte der Europ\u00e4ischen Union\u201d (\u201eCCBE\u201d; Code of Conduct of the Lawyers of the European Union)<\/li>\n<li>Berufsrechtliche Erg\u00e4nzungen zum Geldw\u00e4schebek\u00e4mpfungsgesetz (Additional Rules for Professionals regarding the Money Laundering Act)<\/li>\n<li>Verordnung \u00fcber die Rechtsanwaltsverzeichnisse und die besonderen elektronischen Anwaltspostf\u00e4cher (Regulation for the Lists of Attornes and the specific electronical Attorneys\u2018 Mailboxes)<\/li>\n<\/ul>\n<ul>\n<li>Berufsrechtliche Informationspflichten (Rules governing Professionals with regard to Information Requirements)<\/li>\n<\/ul>\n<p><strong>VAT-Identification Number<br \/>\n<\/strong>DE118952874<\/p>\n<p><strong>Professional Liability Insurance<br \/>\n<\/strong>Mittelstein Rechtsanw\u00e4lte has a professional indemnity insurance policy with HDI Versicherung AG, HDI-Platz 1 in 30659 Hannover Insurance Number: V-077-901-431-9. The territorial validity for services provided comprises at least the Member States of the EU and meets therefore the requirements of para 51 of the Federal Lawyers\u2019 Act.<\/p>\n<p><strong>Arbitration Procedures<br \/>\n<\/strong>The competent consumer conciliation board for disputes over proprietary interests resulting from a client relationship in Germany is the \u201cSchlichtungsstelle der Rechtsanwaltschaft\u201d (Lawyers&#8217; Meditation Board) at the Federal Bar Association, Rauchstra\u00dfe 26, 10787 Berlin,\u00a0<a href=\"http:\/\/www.schlichtungsstelle-der-rechtsanwaltschaft.de\/\">http:\/\/www.schlichtungsstelle-der-rechtsanwaltschaft.de\/<\/a>.<\/p>\n<p>The participation in proceedings before the \u201cSchlichtungstelle der Rechtsanwaltschaft\u201d is voluntary for lawyers. Mittelstein Rechtsanw\u00e4lte does not participate in procedures for dispute resolution before a consumer conciliation board.<\/p>\n<p>Furthermore, the European Commission provides a platform regarding online dispute resolution to allow consumers and dealers\/service providers in the EU and the EEA out-of-court settlements. The platform is available at <a href=\"https:\/\/ec.europa.eu\/consumers\/odr\">https:\/\/ec.europa.eu\/consumers\/odr<\/a><\/p>\n<p><strong>Disclaimer<br \/>\n<\/strong>The contents of this website have been researched with the utmost care. However, any and all liability which might arise from an inaccuracy, completeness and topicality of the information provided is excluded.\u00a0The articles reflect the opinions of the respective author.<\/p>\n<p><strong>Data Protection Policy<br \/>\n<\/strong>Our data protection policy can be viewed and downloaded <a href=\"https:\/\/mittelstein.de\/en\/data-protection-information\/\">here<\/a>.<\/p>\n<p><strong>Governing Law<br \/>\n<\/strong>This legal information and all issues and disputes regarding this website are governed by the laws of the Federal Republic of Germany.<\/p>\n<p><strong>Pictur<\/strong><b class=\"b4\">e Credits<br \/>\n<\/b>Friedrun Reinhold, Eppendorfer Weg 85, 20259 Hamburg<br \/>\n<a href=\"https:\/\/www.friedrun-reinhold.com\/\" target=\"_blank\" rel=\"noopener\">www.friedrun-reinhold.com<\/a><b class=\"b4\"><br \/>\n<\/b>[\/vc_column_text][\/vc_column][\/vc_row]\n<\/div>","protected":false},"excerpt":{"rendered":"<p>[vc_row full_width=&#8221;stretch_row_content_no_spaces&#8221; content_placement=&#8221;top&#8221; css=&#8221;.vc_custom_1723636453378{background: rgba(216,216,216,0.4) url(https:\/\/mittelstein.de\/wp-content\/uploads\/impressum-header.jpg?id=51247) !important;background-position: center !important;background-repeat: no-repeat !important;background-size: cover !important;*background-color: rgb(216,216,216) !important;}&#8221; el_class=&#8221;intro-images&#8221;][vc_column][\/vc_column][\/vc_row][vc_row full_width=&#8221;stretch_row_content_no_spaces&#8221; content_placement=&#8221;middle&#8221;][vc_column el_class=&#8221;ms-textblock&#8221; css=&#8221;.vc_custom_1516883808561{padding-right: 15px !important;padding-left: 15px !important;}&#8221;][vc_column_text] Legal Notice Legal Notice Name and Structure of Corporation: Rechtsanw\u00e4lte Dr. Mittelstein &amp; Partner PartG mbB (Whenever the term \u201cMittelstein Rechtsanw\u00e4lte\u201d is used on this website, it refers to Rechtsanw\u00e4lte Dr. [&hellip;]<\/p>\n","protected":false},"author":1,"featured_media":0,"parent":0,"menu_order":0,"comment_status":"closed","ping_status":"closed","template":"","meta":{"footnotes":""},"class_list":["post-51355","page","type-page","status-publish","hentry"],"yoast_head":"<!-- This site is optimized with the Yoast SEO plugin v24.9 - https:\/\/yoast.com\/wordpress\/plugins\/seo\/ -->\n<title>Legal Notice - Mittelstein &amp; Partner<\/title>\n<meta name=\"robots\" content=\"index, follow, max-snippet:-1, max-image-preview:large, max-video-preview:-1\" \/>\n<link rel=\"canonical\" href=\"https:\/\/mittelstein.de\/en\/legal-notice\/\" \/>\n<meta property=\"og:locale\" content=\"en_US\" \/>\n<meta property=\"og:type\" content=\"article\" \/>\n<meta property=\"og:title\" content=\"Legal Notice - Mittelstein &amp; Partner\" \/>\n<meta property=\"og:description\" content=\"[vc_row full_width=&#8221;stretch_row_content_no_spaces&#8221; content_placement=&#8221;top&#8221; css=&#8221;.vc_custom_1723636453378{background: rgba(216,216,216,0.4) url(https:\/\/mittelstein.de\/wp-content\/uploads\/impressum-header.jpg?id=51247) !important;background-position: center !important;background-repeat: no-repeat !important;background-size: cover !important;*background-color: rgb(216,216,216) !important;}&#8221; el_class=&#8221;intro-images&#8221;][vc_column][\/vc_column][\/vc_row][vc_row full_width=&#8221;stretch_row_content_no_spaces&#8221; content_placement=&#8221;middle&#8221;][vc_column el_class=&#8221;ms-textblock&#8221; css=&#8221;.vc_custom_1516883808561{padding-right: 15px !important;padding-left: 15px !important;}&#8221;][vc_column_text] Legal Notice Legal Notice Name and Structure of Corporation: Rechtsanw\u00e4lte Dr. Mittelstein &amp; Partner PartG mbB (Whenever the term \u201cMittelstein Rechtsanw\u00e4lte\u201d is used on this website, it refers to Rechtsanw\u00e4lte Dr. [&hellip;]\" \/>\n<meta property=\"og:url\" content=\"https:\/\/mittelstein.de\/en\/legal-notice\/\" \/>\n<meta property=\"og:site_name\" content=\"Mittelstein &amp; Partner\" \/>\n<meta property=\"article:modified_time\" content=\"2024-08-14T11:54:19+00:00\" \/>\n<meta name=\"twitter:card\" content=\"summary_large_image\" \/>\n<meta name=\"twitter:label1\" content=\"Est. reading time\" \/>\n\t<meta name=\"twitter:data1\" content=\"4 minutes\" \/>\n<script type=\"application\/ld+json\" class=\"yoast-schema-graph\">{\"@context\":\"https:\/\/schema.org\",\"@graph\":[{\"@type\":\"WebPage\",\"@id\":\"https:\/\/mittelstein.de\/en\/legal-notice\/\",\"url\":\"https:\/\/mittelstein.de\/en\/legal-notice\/\",\"name\":\"Legal Notice - Mittelstein & Partner\",\"isPartOf\":{\"@id\":\"https:\/\/mittelstein.de\/#website\"},\"datePublished\":\"2018-02-13T13:38:58+00:00\",\"dateModified\":\"2024-08-14T11:54:19+00:00\",\"breadcrumb\":{\"@id\":\"https:\/\/mittelstein.de\/en\/legal-notice\/#breadcrumb\"},\"inLanguage\":\"en-US\",\"potentialAction\":[{\"@type\":\"ReadAction\",\"target\":[\"https:\/\/mittelstein.de\/en\/legal-notice\/\"]}]},{\"@type\":\"BreadcrumbList\",\"@id\":\"https:\/\/mittelstein.de\/en\/legal-notice\/#breadcrumb\",\"itemListElement\":[{\"@type\":\"ListItem\",\"position\":1,\"name\":\"Startseite\",\"item\":\"https:\/\/mittelstein.de\/en\/\"},{\"@type\":\"ListItem\",\"position\":2,\"name\":\"Legal Notice\"}]},{\"@type\":\"WebSite\",\"@id\":\"https:\/\/mittelstein.de\/#website\",\"url\":\"https:\/\/mittelstein.de\/\",\"name\":\"Mittelstein & Partner\",\"description\":\"Rechtsanw\u00e4lte\",\"publisher\":{\"@id\":\"https:\/\/mittelstein.de\/#organization\"},\"potentialAction\":[{\"@type\":\"SearchAction\",\"target\":{\"@type\":\"EntryPoint\",\"urlTemplate\":\"https:\/\/mittelstein.de\/?s={search_term_string}\"},\"query-input\":{\"@type\":\"PropertyValueSpecification\",\"valueRequired\":true,\"valueName\":\"search_term_string\"}}],\"inLanguage\":\"en-US\"},{\"@type\":\"Organization\",\"@id\":\"https:\/\/mittelstein.de\/#organization\",\"name\":\"Rechtsanw\u00e4lte Dr. Mittelstein & Partner PartG mbB\",\"url\":\"https:\/\/mittelstein.de\/\",\"logo\":{\"@type\":\"ImageObject\",\"inLanguage\":\"en-US\",\"@id\":\"https:\/\/mittelstein.de\/#\/schema\/logo\/image\/\",\"url\":\"https:\/\/mittelstein.de\/wp-content\/uploads\/mittelstein.png\",\"contentUrl\":\"https:\/\/mittelstein.de\/wp-content\/uploads\/mittelstein.png\",\"width\":840,\"height\":740,\"caption\":\"Rechtsanw\u00e4lte Dr. Mittelstein & Partner PartG mbB\"},\"image\":{\"@id\":\"https:\/\/mittelstein.de\/#\/schema\/logo\/image\/\"}}]}<\/script>\n<!-- \/ Yoast SEO plugin. -->","yoast_head_json":{"title":"Legal Notice - Mittelstein & Partner","robots":{"index":"index","follow":"follow","max-snippet":"max-snippet:-1","max-image-preview":"max-image-preview:large","max-video-preview":"max-video-preview:-1"},"canonical":"https:\/\/mittelstein.de\/en\/legal-notice\/","og_locale":"en_US","og_type":"article","og_title":"Legal Notice - Mittelstein & Partner","og_description":"[vc_row full_width=&#8221;stretch_row_content_no_spaces&#8221; content_placement=&#8221;top&#8221; css=&#8221;.vc_custom_1723636453378{background: rgba(216,216,216,0.4) url(https:\/\/mittelstein.de\/wp-content\/uploads\/impressum-header.jpg?id=51247) !important;background-position: center !important;background-repeat: no-repeat !important;background-size: cover !important;*background-color: rgb(216,216,216) !important;}&#8221; el_class=&#8221;intro-images&#8221;][vc_column][\/vc_column][\/vc_row][vc_row full_width=&#8221;stretch_row_content_no_spaces&#8221; content_placement=&#8221;middle&#8221;][vc_column el_class=&#8221;ms-textblock&#8221; css=&#8221;.vc_custom_1516883808561{padding-right: 15px !important;padding-left: 15px !important;}&#8221;][vc_column_text] Legal Notice Legal Notice Name and Structure of Corporation: Rechtsanw\u00e4lte Dr. Mittelstein &amp; Partner PartG mbB (Whenever the term \u201cMittelstein Rechtsanw\u00e4lte\u201d is used on this website, it refers to Rechtsanw\u00e4lte Dr. [&hellip;]","og_url":"https:\/\/mittelstein.de\/en\/legal-notice\/","og_site_name":"Mittelstein & Partner","article_modified_time":"2024-08-14T11:54:19+00:00","twitter_card":"summary_large_image","twitter_misc":{"Est. reading time":"4 minutes"},"schema":{"@context":"https:\/\/schema.org","@graph":[{"@type":"WebPage","@id":"https:\/\/mittelstein.de\/en\/legal-notice\/","url":"https:\/\/mittelstein.de\/en\/legal-notice\/","name":"Legal Notice - Mittelstein & Partner","isPartOf":{"@id":"https:\/\/mittelstein.de\/#website"},"datePublished":"2018-02-13T13:38:58+00:00","dateModified":"2024-08-14T11:54:19+00:00","breadcrumb":{"@id":"https:\/\/mittelstein.de\/en\/legal-notice\/#breadcrumb"},"inLanguage":"en-US","potentialAction":[{"@type":"ReadAction","target":["https:\/\/mittelstein.de\/en\/legal-notice\/"]}]},{"@type":"BreadcrumbList","@id":"https:\/\/mittelstein.de\/en\/legal-notice\/#breadcrumb","itemListElement":[{"@type":"ListItem","position":1,"name":"Startseite","item":"https:\/\/mittelstein.de\/en\/"},{"@type":"ListItem","position":2,"name":"Legal Notice"}]},{"@type":"WebSite","@id":"https:\/\/mittelstein.de\/#website","url":"https:\/\/mittelstein.de\/","name":"Mittelstein & Partner","description":"Rechtsanw\u00e4lte","publisher":{"@id":"https:\/\/mittelstein.de\/#organization"},"potentialAction":[{"@type":"SearchAction","target":{"@type":"EntryPoint","urlTemplate":"https:\/\/mittelstein.de\/?s={search_term_string}"},"query-input":{"@type":"PropertyValueSpecification","valueRequired":true,"valueName":"search_term_string"}}],"inLanguage":"en-US"},{"@type":"Organization","@id":"https:\/\/mittelstein.de\/#organization","name":"Rechtsanw\u00e4lte Dr. Mittelstein & Partner PartG mbB","url":"https:\/\/mittelstein.de\/","logo":{"@type":"ImageObject","inLanguage":"en-US","@id":"https:\/\/mittelstein.de\/#\/schema\/logo\/image\/","url":"https:\/\/mittelstein.de\/wp-content\/uploads\/mittelstein.png","contentUrl":"https:\/\/mittelstein.de\/wp-content\/uploads\/mittelstein.png","width":840,"height":740,"caption":"Rechtsanw\u00e4lte Dr. Mittelstein & Partner PartG mbB"},"image":{"@id":"https:\/\/mittelstein.de\/#\/schema\/logo\/image\/"}}]}},"_links":{"self":[{"href":"https:\/\/mittelstein.de\/en\/wp-json\/wp\/v2\/pages\/51355"}],"collection":[{"href":"https:\/\/mittelstein.de\/en\/wp-json\/wp\/v2\/pages"}],"about":[{"href":"https:\/\/mittelstein.de\/en\/wp-json\/wp\/v2\/types\/page"}],"author":[{"embeddable":true,"href":"https:\/\/mittelstein.de\/en\/wp-json\/wp\/v2\/users\/1"}],"replies":[{"embeddable":true,"href":"https:\/\/mittelstein.de\/en\/wp-json\/wp\/v2\/comments?post=51355"}],"version-history":[{"count":9,"href":"https:\/\/mittelstein.de\/en\/wp-json\/wp\/v2\/pages\/51355\/revisions"}],"predecessor-version":[{"id":52217,"href":"https:\/\/mittelstein.de\/en\/wp-json\/wp\/v2\/pages\/51355\/revisions\/52217"}],"wp:attachment":[{"href":"https:\/\/mittelstein.de\/en\/wp-json\/wp\/v2\/media?parent=51355"}],"curies":[{"name":"wp","href":"https:\/\/api.w.org\/{rel}","templated":true}]}}